{"id":1690,"date":"2024-11-14T10:40:46","date_gmt":"2024-11-14T10:40:46","guid":{"rendered":"https:\/\/nordictabletennis.com\/?post_type=product&#038;p=1690"},"modified":"2025-06-30T19:25:13","modified_gmt":"2025-06-30T19:25:13","slug":"sommarlager-ungdomar-2025","status":"publish","type":"product","link":"https:\/\/nordictabletennis.com\/en\/tours\/sommarlager-ungdomar-2025\/","title":{"rendered":"Summer Camp Youth 2025"},"content":{"rendered":"<p><strong>Welcome to the Nordic Table Tennis summer camp to be held in S\u00f6derhamn on June 22-28, 2025. Nordic Table Tennis continues this summer with the success of offering a week's training camp together with Sweden's best coaches in one of Sweden's best facilities.<\/strong><\/p>\n<p>We know that it is difficult for clubs to access good training during the summer so if your club wants to take part in this, it is a perfect camp to go on as a club trip. Your home coach is also welcome to join the camp.<\/p>\n<p>Also this year, hopefully several talented players from Norway and Denmark will participate, which we really look forward to.<\/p>\n<p>Our goal is to organize Sweden's best table tennis camp, where all focus is on developing the players as much as possible, while it will be a fun camp for all participants<\/p>\n<table class=\"table table-bordered tours-tabs__table\" style=\"height: 233px;\" width=\"862\">\n<tbody>\n<tr>\n<td><strong>Location<\/strong><\/td>\n<td>S\u00f6derhamn (Kungsgatan 30A, 82630 S\u00f6derhamn, Sweden)<\/td>\n<\/tr>\n<tr>\n<td><strong>Date<\/strong><\/td>\n<td>22-28 June 2025<\/td>\n<\/tr>\n<tr>\n<td><strong>Accommodation<\/strong><\/td>\n<td>We stay at S\u00f6derhamn's own hostel in the same building as the training hall. 8-12 players in each room.<\/td>\n<\/tr>\n<tr>\n<td><strong>Meals\u00a0\u00a0<\/strong><\/td>\n<td>Full board (breakfast, lunch, dinner)\n<p>All meals are prepared and served in the same building as the training hall. The food is of the highest quality.<\/p><\/td>\n<\/tr>\n<tr>\n<td><strong>Social activities\u00a0 \u00a0 \u00a0 \u00a0 \u00a0 \u00a0 \u00a0 \u00a0 \u00a0 \u00a0 \u00a0 \u00a0<\/strong><\/td>\n<td>The camp is packed with activities. During the 7 days we will, among other things, swim and have access to the activity house for a number of days where there is the possibility of billiards, cinema, Wii, Air-hockey and much more.<\/td>\n<\/tr>\n<tr>\n<td><strong>For which<\/strong><\/td>\n<td>The camp is aimed at young people up to 18 years old who have played actively in a club for at least 2 years and who want to develop together with other talented and serious players under the guidance of some of Sweden's best coaches.<\/td>\n<\/tr>\n<\/tbody>\n<\/table>","protected":false},"excerpt":{"rendered":"<p>V\u00e4lkomna till Nordic Table Tennis sommarl\u00e4ger som arrangeras i S\u00f6derhamn den 22-28 juni 2025. Nordic Table Tennis forts\u00e4tter \u00e4ven denna sommaren med succ\u00e9n att erbjuda en veckas tr\u00e4ningsl\u00e4ger tillsammans med Sveriges b\u00e4sta tr\u00e4nare i en av Sveriges b\u00e4sta anl\u00e4ggningar. Vi vet att det \u00e4r sv\u00e5rt f\u00f6r klubbar att komma \u00e5t bra tr\u00e4ning under sommaren s\u00e5<\/p>\n<div class=\"padding-top text-center\"><a href=\"https:\/\/nordictabletennis.com\/en\/tours\/sommarlager-ungdomar-2025\/\" class=\"atbtn atbtn--medium atbtn--rounded atbtn--transparent\">Read more<i class=\"atbtn__icon atbtn__icon--right fa fa-long-arrow-right\"><\/i><\/a><\/div>","protected":false},"featured_media":1722,"comment_status":"closed","ping_status":"closed","template":"","meta":{"om_disable_all_campaigns":false,"_monsterinsights_skip_tracking":false,"_monsterinsights_sitenote_active":false,"_monsterinsights_sitenote_note":"","_monsterinsights_sitenote_category":0,"_uf_show_specific_survey":0,"_uf_disable_surveys":false},"product_cat":[15],"product_tag":[],"class_list":{"0":"post-1690","1":"product","2":"type-product","3":"status-publish","4":"has-post-thumbnail","6":"product_cat-uncategorized","7":"tour_category-avslutad","9":"first","10":"outofstock","11":"shipping-taxable","12":"product-type-tour"},"aioseo_notices":[],"_links":{"self":[{"href":"https:\/\/nordictabletennis.com\/en\/wp-json\/wp\/v2\/product\/1690","targetHints":{"allow":["GET"]}}],"collection":[{"href":"https:\/\/nordictabletennis.com\/en\/wp-json\/wp\/v2\/product"}],"about":[{"href":"https:\/\/nordictabletennis.com\/en\/wp-json\/wp\/v2\/types\/product"}],"replies":[{"embeddable":true,"href":"https:\/\/nordictabletennis.com\/en\/wp-json\/wp\/v2\/comments?post=1690"}],"wp:featuredmedia":[{"embeddable":true,"href":"https:\/\/nordictabletennis.com\/en\/wp-json\/wp\/v2\/media\/1722"}],"wp:attachment":[{"href":"https:\/\/nordictabletennis.com\/en\/wp-json\/wp\/v2\/media?parent=1690"}],"wp:term":[{"taxonomy":"product_cat","embeddable":true,"href":"https:\/\/nordictabletennis.com\/en\/wp-json\/wp\/v2\/product_cat?post=1690"},{"taxonomy":"product_tag","embeddable":true,"href":"https:\/\/nordictabletennis.com\/en\/wp-json\/wp\/v2\/product_tag?post=1690"}],"curies":[{"name":"wp","href":"https:\/\/api.w.org\/{rel}","templated":true}]}}