{"id":1697,"date":"2025-01-05T09:49:47","date_gmt":"2025-01-05T09:49:47","guid":{"rendered":"https:\/\/nordictabletennis.com\/?post_type=product&#038;p=1697"},"modified":"2025-05-04T16:33:58","modified_gmt":"2025-05-04T16:33:58","slug":"smash-lager-i-spanien-med-malte-moregardh","status":"publish","type":"product","link":"https:\/\/nordictabletennis.com\/en\/tours\/smash-lager-i-spanien-med-malte-moregardh\/","title":{"rendered":"Smash camp in Spain with Malte M\u00f6reg\u00e5rdh"},"content":{"rendered":"<p><strong>Welcome to the best table tennis experience of the spring!<\/strong><br \/>\n<strong>Smash Coaching in collaboration with Nordic Table Tennis organizes this spring the coolest table tennis camp of the year where you can combine a holiday week in a hotel right by the sea while getting world-class table tennis training! Two of four Smash coaches (Malte M\u00f6reg\u00e5rdh and Marcus Sj\u00f6berg) are the head coaches at the camp.<\/strong><\/p>\n<p>During 7 days (5 training days) in April\/May, motivated table tennis players gather in Spain to train and develop together. The national team coach Marcus Sj\u00f6berg and Malte M\u00f6reg\u00e5rdh, who is the personal coach of his brother (Truls M\u00f6reg\u00e5rdh), are responsible for making the stay the best and most rewarding camp this spring. While it will be a top-class table tennis camp, the sun, swimming and warmth combined with good food will make the experience your best table tennis memory!<\/p>\n<p>Guardamar is a small cozy coastal town located about 3.5 miles south of Alicante Airport. The town has about 20,000 inhabitants and the hotel is located right on the incredibly beautiful long beach and close to both the center and the promenade.<\/p>\n<p>Our goal with the camp is that it should be of the highest class and regardless of the level of the participants, you should get the most out of this camp. In combination with this, there will also be time for you to find fun things together. Regardless of the level, we will solve so that everyone gets a really good training week and a fantastic experience!<\/p>\n<table class=\"table table-bordered tours-tabs__table\" style=\"height: 233px;\" width=\"862\">\n<tbody>\n<tr>\n<td><strong>Location<\/strong><\/td>\n<td>Guardamar (Spain)<\/td>\n<\/tr>\n<tr>\n<td><strong>Date<\/strong><\/td>\n<td>27 April - 3 May 2025<\/td>\n<\/tr>\n<tr>\n<td><strong>Accommodation<\/strong><\/td>\n<td>We stay at the cozy Hotel Guardamar which is located right on the fine sandy beach. The hotel has a swimming pool and balconies with sea views.<\/td>\n<\/tr>\n<tr>\n<td><strong>Meals\u00a0\u00a0<\/strong><\/td>\n<td>Breakfast buffet at the hotel is included.\n<p>Lunch and dinner are at the discretion of each person. We will organize two joint dinners that are optional to participate in.<\/p><\/td>\n<\/tr>\n<tr>\n<td><strong>For which<\/strong><\/td>\n<td>The camp is aimed at players of all ages. Everything from raven to elite players are welcome. Training will be divided and adapted according to level. Players under 18 must be accompanied by a responsible adult.<\/td>\n<\/tr>\n<\/tbody>\n<\/table>","protected":false},"excerpt":{"rendered":"<p>V\u00e4lkomna till v\u00e5rens b\u00e4sta pingisupplevelse! Smash Coaching i samarbete med Nordic Table Tennis arrangerar i v\u00e5r \u00e5rets h\u00e4ftigaste pingisl\u00e4ger d\u00e4r du kan kombinera en semestervecka p\u00e5 ett hotell precis vid havet samtidigt som det blir pingistr\u00e4ning i v\u00e4rldsklass! Tv\u00e5 av fyra Smash coacher (Malte M\u00f6reg\u00e5rdh och Marcus Sj\u00f6berg) \u00e4r huvudtr\u00e4narna p\u00e5 l\u00e4gret. Under 7 dagar<\/p>\n<div class=\"padding-top text-center\"><a href=\"https:\/\/nordictabletennis.com\/en\/tours\/smash-lager-i-spanien-med-malte-moregardh\/\" class=\"atbtn atbtn--medium atbtn--rounded atbtn--transparent\">Read more<i class=\"atbtn__icon atbtn__icon--right fa fa-long-arrow-right\"><\/i><\/a><\/div>","protected":false},"featured_media":1718,"comment_status":"closed","ping_status":"closed","template":"","meta":{"om_disable_all_campaigns":false,"_monsterinsights_skip_tracking":false,"_monsterinsights_sitenote_active":false,"_monsterinsights_sitenote_note":"","_monsterinsights_sitenote_category":0,"_uf_show_specific_survey":0,"_uf_disable_surveys":false},"product_cat":[15],"product_tag":[],"class_list":{"0":"post-1697","1":"product","2":"type-product","3":"status-publish","4":"has-post-thumbnail","6":"product_cat-uncategorized","7":"tour_category-avslutad","9":"first","10":"outofstock","11":"shipping-taxable","12":"product-type-tour"},"aioseo_notices":[],"_links":{"self":[{"href":"https:\/\/nordictabletennis.com\/en\/wp-json\/wp\/v2\/product\/1697","targetHints":{"allow":["GET"]}}],"collection":[{"href":"https:\/\/nordictabletennis.com\/en\/wp-json\/wp\/v2\/product"}],"about":[{"href":"https:\/\/nordictabletennis.com\/en\/wp-json\/wp\/v2\/types\/product"}],"replies":[{"embeddable":true,"href":"https:\/\/nordictabletennis.com\/en\/wp-json\/wp\/v2\/comments?post=1697"}],"wp:featuredmedia":[{"embeddable":true,"href":"https:\/\/nordictabletennis.com\/en\/wp-json\/wp\/v2\/media\/1718"}],"wp:attachment":[{"href":"https:\/\/nordictabletennis.com\/en\/wp-json\/wp\/v2\/media?parent=1697"}],"wp:term":[{"taxonomy":"product_cat","embeddable":true,"href":"https:\/\/nordictabletennis.com\/en\/wp-json\/wp\/v2\/product_cat?post=1697"},{"taxonomy":"product_tag","embeddable":true,"href":"https:\/\/nordictabletennis.com\/en\/wp-json\/wp\/v2\/product_tag?post=1697"}],"curies":[{"name":"wp","href":"https:\/\/api.w.org\/{rel}","templated":true}]}}