{"id":1708,"date":"2025-04-01T18:00:57","date_gmt":"2025-04-01T18:00:57","guid":{"rendered":"https:\/\/nordictabletennis.com\/?post_type=product&#038;p=1708"},"modified":"2025-08-10T08:34:52","modified_gmt":"2025-08-10T08:34:52","slug":"dagslager-i-stockholm-2025","status":"publish","type":"product","link":"https:\/\/nordictabletennis.com\/en\/tours\/dagslager-i-stockholm-2025\/","title":{"rendered":"Day camp in Stockholm 2025"},"content":{"rendered":"<p><strong>Welcome to Nordic Table Tennis summer camp which will be held in Stocksund (Stockholm) between August 4-8, 2025 (August 4-7 for seniors). This year our summer camp in S\u00f6derhamn was full very quickly so we have decided to expand the summer training and also offer this opportunity in Stockholm, this time we run both youth camps and senior training.\u00a0<\/strong><\/p>\n<p>Since the interest is very high for our camps, we want to offer everyone the opportunity for another training week in Stockholm. This will be a day camp with two training sessions for young people and in the evening a longer training for seniors.<\/p>\n<p>&nbsp;<\/p>\n<p>&nbsp;<\/p>\n<table class=\"table table-bordered tours-tabs__table\" style=\"height: 233px;\" width=\"862\">\n<tbody>\n<tr>\n<td><strong>Location<\/strong><\/td>\n<td>Stocksund, Stockholm (Norr\u00e4ngsg\u00e5rden, Danderydsv\u00e4gen 4)<\/td>\n<\/tr>\n<tr>\n<td><strong>Date Young people<\/strong><\/td>\n<td>August 4-8 (10 passes)<\/td>\n<\/tr>\n<tr>\n<td><strong>Date Seniors<\/strong><\/td>\n<td>4-7 August (4 passes)<\/td>\n<\/tr>\n<tr>\n<td><strong>Accommodation<\/strong><\/td>\n<td>Participants arrange their own accommodation during the camp<\/td>\n<\/tr>\n<tr>\n<td><strong>Meals\u00a0\u00a0<\/strong><\/td>\n<td>Participants provide their own meals<\/td>\n<\/tr>\n<tr>\n<td><strong>For which<\/strong><\/td>\n<td>The youth camp is aimed at participants up to 17 years old\n<p>The Senior training is aimed at participants aged 18 and over<\/p><\/td>\n<\/tr>\n<\/tbody>\n<\/table>","protected":false},"excerpt":{"rendered":"<p>Welcome to Nordic Table Tennis summer camp which will be held in Stocksund (Stockholm) between August 4-8, 2025 (August 4-7 for seniors). This year our summer camp in S\u00f6derhamn was full very quickly so we have decided to expand the summer training and also offer this opportunity in Stockholm, this time we run both youth camps and senior training.  Since that<\/p>\n<div class=\"padding-top text-center\"><a href=\"https:\/\/nordictabletennis.com\/en\/tours\/dagslager-i-stockholm-2025\/\" class=\"atbtn atbtn--medium atbtn--rounded atbtn--transparent\">Read more<i class=\"atbtn__icon atbtn__icon--right fa fa-long-arrow-right\"><\/i><\/a><\/div>","protected":false},"featured_media":1713,"comment_status":"closed","ping_status":"closed","template":"","meta":{"om_disable_all_campaigns":false,"_monsterinsights_skip_tracking":false,"_monsterinsights_sitenote_active":false,"_monsterinsights_sitenote_note":"","_monsterinsights_sitenote_category":0,"_uf_show_specific_survey":0,"_uf_disable_surveys":false},"product_cat":[15],"product_tag":[],"class_list":{"0":"post-1708","1":"product","2":"type-product","3":"status-publish","4":"has-post-thumbnail","6":"product_cat-uncategorized","7":"tour_category-avslutad","9":"first","10":"outofstock","11":"shipping-taxable","12":"product-type-tour"},"aioseo_notices":[],"_links":{"self":[{"href":"https:\/\/nordictabletennis.com\/en\/wp-json\/wp\/v2\/product\/1708","targetHints":{"allow":["GET"]}}],"collection":[{"href":"https:\/\/nordictabletennis.com\/en\/wp-json\/wp\/v2\/product"}],"about":[{"href":"https:\/\/nordictabletennis.com\/en\/wp-json\/wp\/v2\/types\/product"}],"replies":[{"embeddable":true,"href":"https:\/\/nordictabletennis.com\/en\/wp-json\/wp\/v2\/comments?post=1708"}],"wp:featuredmedia":[{"embeddable":true,"href":"https:\/\/nordictabletennis.com\/en\/wp-json\/wp\/v2\/media\/1713"}],"wp:attachment":[{"href":"https:\/\/nordictabletennis.com\/en\/wp-json\/wp\/v2\/media?parent=1708"}],"wp:term":[{"taxonomy":"product_cat","embeddable":true,"href":"https:\/\/nordictabletennis.com\/en\/wp-json\/wp\/v2\/product_cat?post=1708"},{"taxonomy":"product_tag","embeddable":true,"href":"https:\/\/nordictabletennis.com\/en\/wp-json\/wp\/v2\/product_tag?post=1708"}],"curies":[{"name":"wp","href":"https:\/\/api.w.org\/{rel}","templated":true}]}}