{"id":1723,"date":"2025-07-06T16:12:17","date_gmt":"2025-07-06T16:12:17","guid":{"rendered":"https:\/\/nordictabletennis.com\/?post_type=product&#038;p=1723"},"modified":"2026-01-19T18:13:01","modified_gmt":"2026-01-19T18:13:01","slug":"vinterlager-ungdomar-2026","status":"publish","type":"product","link":"https:\/\/nordictabletennis.com\/en\/tours\/vinterlager-ungdomar-2026\/","title":{"rendered":"Winter Camp Youth 2026"},"content":{"rendered":"<p><strong>Welcome to Nordic Table Tennis winter camp, which will be held in S\u00f6derhamn on January 2-6, 2026. After an extremely successful summer camp, we have now planned a week's training camp together with Sweden's best coaches in one of Sweden's best facilities.<\/strong><\/p>\n<p>We want to offer the chance for all ambitious players to train with us also during the winter break<\/p>\n<p>Our goal is to organize Sweden's best table tennis camp, where all focus is on developing the players as much as possible, while it will be a fun camp for all participants<\/p>\n<table class=\"table table-bordered tours-tabs__table\" style=\"height: 233px;\" width=\"862\">\n<tbody>\n<tr>\n<td><strong>Location<\/strong><\/td>\n<td>S\u00f6derhamn (Kungsgatan 30A, 82630 S\u00f6derhamn, Sweden)<\/td>\n<\/tr>\n<tr>\n<td><strong>Date<\/strong><\/td>\n<td>2-6 January 2026<\/td>\n<\/tr>\n<tr>\n<td><strong>Accommodation<\/strong><\/td>\n<td>We stay at S\u00f6derhamn's own hostel in the same building as the training hall. 8-12 players in each room.<\/td>\n<\/tr>\n<tr>\n<td><strong>Meals\u00a0\u00a0<\/strong><\/td>\n<td>Full board (breakfast, lunch, dinner)\n<p>All meals are prepared and served in the same building as the training hall. The food is of the highest quality.<\/p><\/td>\n<\/tr>\n<tr>\n<td><strong>Social activities\u00a0 \u00a0 \u00a0 \u00a0 \u00a0 \u00a0 \u00a0 \u00a0 \u00a0 \u00a0 \u00a0 \u00a0<\/strong><\/td>\n<td>The camp is packed with activities. During the 5 days we will, among other things, swim and have access to the activity house for a number of days where there is the possibility of billiards, cinema, Wii, Air-hockey and much more.<\/td>\n<\/tr>\n<tr>\n<td><strong>For which<\/strong><\/td>\n<td>The camp is aimed at young people up to 18 years old who have played actively in a club for at least 2 years and who want to develop together with other talented and serious players under the guidance of some of Sweden's best coaches.\n<p>During this camp we will divide the players even more according to level and divide more into smaller groups to customize exercises better so that everyone gets the most out of the training.<\/p><\/td>\n<\/tr>\n<\/tbody>\n<\/table>","protected":false},"excerpt":{"rendered":"<p>V\u00e4lkomna till Nordic Table Tennis vinterl\u00e4ger som arrangeras i S\u00f6derhamn den 2-6 januari 2026. Efter ett extremt lyckat sommarl\u00e4ger har vi nu planerat in en veckas tr\u00e4ningsl\u00e4ger tillsammans med Sveriges b\u00e4sta tr\u00e4nare i en av Sveriges b\u00e4sta anl\u00e4ggningar. Vi vill erbjuda chansen f\u00f6r alla ambiti\u00f6sa spelare att tr\u00e4na med oss \u00e4ven under vinterlovet V\u00e5rt m\u00e5l<\/p>\n<div class=\"padding-top text-center\"><a href=\"https:\/\/nordictabletennis.com\/en\/tours\/vinterlager-ungdomar-2026\/\" class=\"atbtn atbtn--medium atbtn--rounded atbtn--transparent\">Read more<i class=\"atbtn__icon atbtn__icon--right fa fa-long-arrow-right\"><\/i><\/a><\/div>","protected":false},"featured_media":1722,"comment_status":"closed","ping_status":"closed","template":"","meta":{"om_disable_all_campaigns":false,"_monsterinsights_skip_tracking":false,"_monsterinsights_sitenote_active":false,"_monsterinsights_sitenote_note":"","_monsterinsights_sitenote_category":0,"_uf_show_specific_survey":0,"_uf_disable_surveys":false},"product_cat":[15],"product_tag":[],"class_list":{"0":"post-1723","1":"product","2":"type-product","3":"status-publish","4":"has-post-thumbnail","6":"product_cat-uncategorized","7":"tour_category-avslutad","9":"first","10":"outofstock","11":"shipping-taxable","12":"product-type-tour"},"aioseo_notices":[],"_links":{"self":[{"href":"https:\/\/nordictabletennis.com\/en\/wp-json\/wp\/v2\/product\/1723","targetHints":{"allow":["GET"]}}],"collection":[{"href":"https:\/\/nordictabletennis.com\/en\/wp-json\/wp\/v2\/product"}],"about":[{"href":"https:\/\/nordictabletennis.com\/en\/wp-json\/wp\/v2\/types\/product"}],"replies":[{"embeddable":true,"href":"https:\/\/nordictabletennis.com\/en\/wp-json\/wp\/v2\/comments?post=1723"}],"wp:featuredmedia":[{"embeddable":true,"href":"https:\/\/nordictabletennis.com\/en\/wp-json\/wp\/v2\/media\/1722"}],"wp:attachment":[{"href":"https:\/\/nordictabletennis.com\/en\/wp-json\/wp\/v2\/media?parent=1723"}],"wp:term":[{"taxonomy":"product_cat","embeddable":true,"href":"https:\/\/nordictabletennis.com\/en\/wp-json\/wp\/v2\/product_cat?post=1723"},{"taxonomy":"product_tag","embeddable":true,"href":"https:\/\/nordictabletennis.com\/en\/wp-json\/wp\/v2\/product_tag?post=1723"}],"curies":[{"name":"wp","href":"https:\/\/api.w.org\/{rel}","templated":true}]}}