{"id":1743,"date":"2025-10-06T13:12:46","date_gmt":"2025-10-06T13:12:46","guid":{"rendered":"https:\/\/nordictabletennis.com\/?post_type=product&#038;p=1743"},"modified":"2026-01-23T09:08:49","modified_gmt":"2026-01-23T09:08:49","slug":"seniorlager-med-ulf-tickan-carlsson","status":"publish","type":"product","link":"https:\/\/nordictabletennis.com\/en\/tours\/seniorlager-med-ulf-tickan-carlsson\/","title":{"rendered":"Senior camp with Ulf \"Tickan\" Carlsson FULL"},"content":{"rendered":"<p><strong>NOTE! <\/strong>This camp is FULL<strong> NOTE!<\/strong><\/p>\n<p><strong>Welcome to the best table tennis experience of the spring!<\/strong><br \/>\n<strong>Nordic Table Tennis is back in Altea for this year's coolest table tennis camp where you can combine a vacation week in a four-star hotel right by the sea while getting world-class table tennis training!<\/strong><\/p>\n<p>For 6 days in April, senior players gather in Spain to train and develop together. Some of Europe's best coaches are responsible for making the stay the best and most rewarding camp this spring. While it will be a top-class table tennis camp, the sun, swimming and warmth combined with good food will make the experience your best table tennis memory!<\/p>\n<p>Our goal with the camp is that it should be of the highest class and regardless of the level of the participants, you should get the most out of this camp. In combination with this, there will also be time for you to find fun things together. Regardless of the level, we will solve so that everyone gets a really good training week and a fantastic experience!<\/p>\n<table class=\"table table-bordered tours-tabs__table\" style=\"height: 233px;\" width=\"862\">\n<tbody>\n<tr>\n<td><strong>Location<\/strong><\/td>\n<td>Altea (Spain)<\/td>\n<\/tr>\n<tr>\n<td><strong>Date<\/strong><\/td>\n<td>12-18 April 2026<\/td>\n<\/tr>\n<tr>\n<td><strong>Accommodation<\/strong><\/td>\n<td>We are staying at the four-star hotel Cap Negret which is located right by the sea and about 10 minutes walk from the training hall.<\/td>\n<\/tr>\n<tr>\n<td><strong>Meals\u00a0\u00a0<\/strong><\/td>\n<td>Full board (Breakfast, Lunch and Dinner)\n<p>All meals are served buffet style at the hotel and are of the highest quality. There is a huge amount of goodies to choose from.<\/p><\/td>\n<\/tr>\n<tr>\n<td><strong>For which<\/strong><\/td>\n<td>The camp is aimed at senior and veteran players (youngest age is 18). Everything from raven to elite players are welcome, the training will be divided and adapted to the level. Players under 18 are welcome with a guardian (minimum age 12 years)<\/td>\n<\/tr>\n<\/tbody>\n<\/table>","protected":false},"excerpt":{"rendered":"<p>!OBS! Detta l\u00e4gret \u00e4r FULLT !OBS! V\u00e4lkomna till v\u00e5rens b\u00e4sta pingisupplevelse! Nordic Table Tennis \u00e4r tillbaka i Altea f\u00f6r \u00e5rets h\u00e4ftigaste pingisl\u00e4ger d\u00e4r du kan kombinera en semestervecka p\u00e5 ett fyrstj\u00e4rnigt hotell precis vid havet samtidigt som det blir pingistr\u00e4ning i v\u00e4rldsklass! Under 6 dagar i april samlas seniorspelare i Spanien f\u00f6r att tr\u00e4na och<\/p>\n<div class=\"padding-top text-center\"><a href=\"https:\/\/nordictabletennis.com\/en\/tours\/seniorlager-med-ulf-tickan-carlsson\/\" class=\"atbtn atbtn--medium atbtn--rounded atbtn--transparent\">Read more<i class=\"atbtn__icon atbtn__icon--right fa fa-long-arrow-right\"><\/i><\/a><\/div>","protected":false},"featured_media":1744,"comment_status":"closed","ping_status":"closed","template":"","meta":{"om_disable_all_campaigns":false,"_monsterinsights_skip_tracking":false,"_monsterinsights_sitenote_active":false,"_monsterinsights_sitenote_note":"","_monsterinsights_sitenote_category":0,"_uf_show_specific_survey":0,"_uf_disable_surveys":false},"product_cat":[15],"product_tag":[],"class_list":{"0":"post-1743","1":"product","2":"type-product","3":"status-publish","4":"has-post-thumbnail","6":"product_cat-uncategorized","7":"tour_category-kommande","9":"first","10":"outofstock","11":"shipping-taxable","12":"product-type-tour"},"aioseo_notices":[],"_links":{"self":[{"href":"https:\/\/nordictabletennis.com\/en\/wp-json\/wp\/v2\/product\/1743","targetHints":{"allow":["GET"]}}],"collection":[{"href":"https:\/\/nordictabletennis.com\/en\/wp-json\/wp\/v2\/product"}],"about":[{"href":"https:\/\/nordictabletennis.com\/en\/wp-json\/wp\/v2\/types\/product"}],"replies":[{"embeddable":true,"href":"https:\/\/nordictabletennis.com\/en\/wp-json\/wp\/v2\/comments?post=1743"}],"wp:featuredmedia":[{"embeddable":true,"href":"https:\/\/nordictabletennis.com\/en\/wp-json\/wp\/v2\/media\/1744"}],"wp:attachment":[{"href":"https:\/\/nordictabletennis.com\/en\/wp-json\/wp\/v2\/media?parent=1743"}],"wp:term":[{"taxonomy":"product_cat","embeddable":true,"href":"https:\/\/nordictabletennis.com\/en\/wp-json\/wp\/v2\/product_cat?post=1743"},{"taxonomy":"product_tag","embeddable":true,"href":"https:\/\/nordictabletennis.com\/en\/wp-json\/wp\/v2\/product_tag?post=1743"}],"curies":[{"name":"wp","href":"https:\/\/api.w.org\/{rel}","templated":true}]}}