{"id":1748,"date":"2025-10-24T15:34:19","date_gmt":"2025-10-24T15:34:19","guid":{"rendered":"https:\/\/nordictabletennis.com\/?post_type=product&#038;p=1748"},"modified":"2026-01-19T18:09:54","modified_gmt":"2026-01-19T18:09:54","slug":"dagslager-i-stockholm-for-ungdomar","status":"publish","type":"product","link":"https:\/\/nordictabletennis.com\/en\/tours\/dagslager-i-stockholm-for-ungdomar\/","title":{"rendered":"Day Camp in Stockholm for Young People"},"content":{"rendered":"<p><strong>Welcome to Nordic Table Tennis day camp organized in Stocksund (Stockholm) on January 7, 2026. The youth camp in S\u00f6derhamn between January 2-6 was full very quickly so we take the opportunity before the start of school to run an extra training day in Stockholm. <\/strong><\/p>\n<p>Since the interest is very high for our camps\/training days, we want to offer everyone the opportunity for another training day in Stockholm. This will be a day camp with two training sessions for young people.<\/p>\n<p>&nbsp;<\/p>\n<p>&nbsp;<\/p>\n<table class=\"table table-bordered tours-tabs__table\" style=\"height: 233px;\" width=\"862\">\n<tbody>\n<tr>\n<td><strong>Location<\/strong><\/td>\n<td>Stocksund, Stockholm (Norr\u00e4ngsg\u00e5rden, Danderydsv\u00e4gen 4)<\/td>\n<\/tr>\n<tr>\n<td><strong>Date<\/strong><\/td>\n<td>January 7 (2 passes)<\/td>\n<\/tr>\n<tr>\n<td><strong>Accommodation<\/strong><\/td>\n<td>Participants arrange their own accommodation during the camp<\/td>\n<\/tr>\n<tr>\n<td><strong>Meals\u00a0\u00a0<\/strong><\/td>\n<td>Participants organize their own lunch between sessions<\/td>\n<\/tr>\n<tr>\n<td><strong>For which<\/strong><\/td>\n<td>The day camp is aimed at participants up to 17 years old who have played in a club for at least 2 years.<\/td>\n<\/tr>\n<\/tbody>\n<\/table>","protected":false},"excerpt":{"rendered":"<p>V\u00e4lkomna till Nordic Table Tennis dagsl\u00e4ger som arrangeras i Stocksund (Stockholm) den 7 januari 2026. Ungdomsl\u00e4gret i S\u00f6derhamn mellan den 2-6 januari blev fullt v\u00e4ldigt snabbt s\u00e5 vi passar p\u00e5 innan skolstart att k\u00f6ra en extra tr\u00e4ningsdag i Stockholm. Eftersom att intresset \u00e4r v\u00e4ldigt stort f\u00f6r v\u00e5ra l\u00e4ger\/tr\u00e4ningsdagar s\u00e5 vill vi erbjuda alla m\u00f6jligheten f\u00f6r<\/p>\n<div class=\"padding-top text-center\"><a href=\"https:\/\/nordictabletennis.com\/en\/tours\/dagslager-i-stockholm-for-ungdomar\/\" class=\"atbtn atbtn--medium atbtn--rounded atbtn--transparent\">Read more<i class=\"atbtn__icon atbtn__icon--right fa fa-long-arrow-right\"><\/i><\/a><\/div>","protected":false},"featured_media":1749,"comment_status":"closed","ping_status":"closed","template":"","meta":{"om_disable_all_campaigns":false,"_monsterinsights_skip_tracking":false,"_monsterinsights_sitenote_active":false,"_monsterinsights_sitenote_note":"","_monsterinsights_sitenote_category":0,"_uf_show_specific_survey":0,"_uf_disable_surveys":false},"product_cat":[15],"product_tag":[],"class_list":{"0":"post-1748","1":"product","2":"type-product","3":"status-publish","4":"has-post-thumbnail","6":"product_cat-uncategorized","7":"tour_category-avslutad","9":"first","10":"outofstock","11":"shipping-taxable","12":"product-type-tour"},"aioseo_notices":[],"_links":{"self":[{"href":"https:\/\/nordictabletennis.com\/en\/wp-json\/wp\/v2\/product\/1748","targetHints":{"allow":["GET"]}}],"collection":[{"href":"https:\/\/nordictabletennis.com\/en\/wp-json\/wp\/v2\/product"}],"about":[{"href":"https:\/\/nordictabletennis.com\/en\/wp-json\/wp\/v2\/types\/product"}],"replies":[{"embeddable":true,"href":"https:\/\/nordictabletennis.com\/en\/wp-json\/wp\/v2\/comments?post=1748"}],"wp:featuredmedia":[{"embeddable":true,"href":"https:\/\/nordictabletennis.com\/en\/wp-json\/wp\/v2\/media\/1749"}],"wp:attachment":[{"href":"https:\/\/nordictabletennis.com\/en\/wp-json\/wp\/v2\/media?parent=1748"}],"wp:term":[{"taxonomy":"product_cat","embeddable":true,"href":"https:\/\/nordictabletennis.com\/en\/wp-json\/wp\/v2\/product_cat?post=1748"},{"taxonomy":"product_tag","embeddable":true,"href":"https:\/\/nordictabletennis.com\/en\/wp-json\/wp\/v2\/product_tag?post=1748"}],"curies":[{"name":"wp","href":"https:\/\/api.w.org\/{rel}","templated":true}]}}