{"id":1750,"date":"2025-10-24T16:06:31","date_gmt":"2025-10-24T16:06:31","guid":{"rendered":"https:\/\/nordictabletennis.com\/?post_type=product&#038;p=1750"},"modified":"2026-01-19T18:11:10","modified_gmt":"2026-01-19T18:11:10","slug":"seniorlager-i-stockholm","status":"publish","type":"product","link":"https:\/\/nordictabletennis.com\/en\/tours\/seniorlager-i-stockholm\/","title":{"rendered":"Senior camp in Stockholm"},"content":{"rendered":"<p><strong>Welcome to the Nordic Table Tennis Senior Camp, which will be held in Stocksund (Stockholm) between January 7-9, 2026. We are pleased to once again invite you to an exciting and educational senior camp in Stockholm.<\/strong><\/p>\n<p>As interest in our camps is very high and we have a limited number of places, we recommend that you register as early as possible to secure a place.<\/p>\n<p>&nbsp;<\/p>\n<table class=\"table table-bordered tours-tabs__table\" style=\"height: 233px;\" width=\"862\">\n<tbody>\n<tr>\n<td><strong>Location<\/strong><\/td>\n<td>Stocksund, Stockholm (Norr\u00e4ngsg\u00e5rden, Danderydsv\u00e4gen 4)<\/td>\n<\/tr>\n<tr>\n<td><strong>Date<\/strong><\/td>\n<td>January 7-9 (3 sessions)<\/td>\n<\/tr>\n<tr>\n<td><strong>Accommodation<\/strong><\/td>\n<td>Participants arrange their own accommodation during the camp<\/td>\n<\/tr>\n<tr>\n<td><strong>For which<\/strong><\/td>\n<td>The camp is aimed at senior players aged 18 and above. Players born in 2012 and later who have played actively in a club for at least 2 years are also welcome.<\/td>\n<\/tr>\n<\/tbody>\n<\/table>","protected":false},"excerpt":{"rendered":"<p>V\u00e4lkomna till Nordic Table Tennis seniorl\u00e4ger som arrangeras i Stocksund (Stockholm) mellan den 7-9 januari 2026. Vi har gl\u00e4djen att \u00e5terigen bjuda in er till ett sp\u00e4nnande och l\u00e4rorikt seniorl\u00e4ger i Stockholm. Eftersom att intresset \u00e4r v\u00e4ldigt stort f\u00f6r v\u00e5ra l\u00e4ger och att vi har ett begr\u00e4nsat antal platser s\u00e5 rekommenderar vi er att anm\u00e4la<\/p>\n<div class=\"padding-top text-center\"><a href=\"https:\/\/nordictabletennis.com\/en\/tours\/seniorlager-i-stockholm\/\" class=\"atbtn atbtn--medium atbtn--rounded atbtn--transparent\">Read more<i class=\"atbtn__icon atbtn__icon--right fa fa-long-arrow-right\"><\/i><\/a><\/div>","protected":false},"featured_media":1749,"comment_status":"closed","ping_status":"closed","template":"","meta":{"om_disable_all_campaigns":false,"_monsterinsights_skip_tracking":false,"_monsterinsights_sitenote_active":false,"_monsterinsights_sitenote_note":"","_monsterinsights_sitenote_category":0,"_uf_show_specific_survey":0,"_uf_disable_surveys":false},"product_cat":[15],"product_tag":[],"class_list":{"0":"post-1750","1":"product","2":"type-product","3":"status-publish","4":"has-post-thumbnail","6":"product_cat-uncategorized","7":"tour_category-avslutad","9":"first","10":"outofstock","11":"shipping-taxable","12":"product-type-tour"},"aioseo_notices":[],"_links":{"self":[{"href":"https:\/\/nordictabletennis.com\/en\/wp-json\/wp\/v2\/product\/1750","targetHints":{"allow":["GET"]}}],"collection":[{"href":"https:\/\/nordictabletennis.com\/en\/wp-json\/wp\/v2\/product"}],"about":[{"href":"https:\/\/nordictabletennis.com\/en\/wp-json\/wp\/v2\/types\/product"}],"replies":[{"embeddable":true,"href":"https:\/\/nordictabletennis.com\/en\/wp-json\/wp\/v2\/comments?post=1750"}],"wp:featuredmedia":[{"embeddable":true,"href":"https:\/\/nordictabletennis.com\/en\/wp-json\/wp\/v2\/media\/1749"}],"wp:attachment":[{"href":"https:\/\/nordictabletennis.com\/en\/wp-json\/wp\/v2\/media?parent=1750"}],"wp:term":[{"taxonomy":"product_cat","embeddable":true,"href":"https:\/\/nordictabletennis.com\/en\/wp-json\/wp\/v2\/product_cat?post=1750"},{"taxonomy":"product_tag","embeddable":true,"href":"https:\/\/nordictabletennis.com\/en\/wp-json\/wp\/v2\/product_tag?post=1750"}],"curies":[{"name":"wp","href":"https:\/\/api.w.org\/{rel}","templated":true}]}}