{"id":1766,"date":"2026-01-08T20:43:36","date_gmt":"2026-01-08T20:43:36","guid":{"rendered":"https:\/\/nordictabletennis.com\/?post_type=product&#038;p=1766"},"modified":"2026-01-08T21:07:57","modified_gmt":"2026-01-08T21:07:57","slug":"extra-sommarlager-ungdomar-2026","status":"publish","type":"product","link":"https:\/\/nordictabletennis.com\/en\/tours\/extra-sommarlager-ungdomar-2026\/","title":{"rendered":"Extra Youth Summer Camp 2026"},"content":{"rendered":"<p><strong>Welcome to Nordic Table Tennis extra summer camp to be held in S\u00f6derhamn on June 14-18, 2026. After our popular summer camp is already overcrowded in early January and several players were on the waiting list, we decided to arrange an additional summer camp to give everyone the chance to participate.<\/strong><\/p>\n<p>We know that it is difficult for clubs to access good training during the summer so if your club wants to take part in this, it is a perfect camp to go on as a club trip. Your home coach is also welcome to join the camp.<\/p>\n<p>Our goal is to organize Sweden's best table tennis camp, where all focus is on developing the players as much as possible, while it will be a fun camp for all participants. Book your place early to secure your spot!<\/p>\n<table class=\"table table-bordered tours-tabs__table\" style=\"height: 233px;\" width=\"862\">\n<tbody>\n<tr>\n<td><strong>Location<\/strong><\/td>\n<td>S\u00f6derhamn (Kungsgatan 30A, 82630 S\u00f6derhamn, Sweden)<\/td>\n<\/tr>\n<tr>\n<td><strong>Date<\/strong><\/td>\n<td>14-18 June 2026<\/td>\n<\/tr>\n<tr>\n<td><strong>Accommodation<\/strong><\/td>\n<td>We stay at S\u00f6derhamn's own hostel in the same building as the training hall. 8-12 players in each room.<\/td>\n<\/tr>\n<tr>\n<td><strong>Meals\u00a0\u00a0<\/strong><\/td>\n<td>Full board (breakfast, lunch, dinner)\n<p>All meals are prepared and served in the same building as the training hall. The food is of the highest quality.<\/p><\/td>\n<\/tr>\n<tr>\n<td><strong>Social activities\u00a0 \u00a0 \u00a0 \u00a0 \u00a0 \u00a0 \u00a0 \u00a0 \u00a0 \u00a0 \u00a0 \u00a0<\/strong><\/td>\n<td>The camp is packed with activities. During the 5 days we will, among other things, swim and have access to the activity house for a number of days where there is the possibility of billiards, cinema, Wii, Air-hockey and much more.<\/td>\n<\/tr>\n<tr>\n<td><strong>For which<\/strong><\/td>\n<td>The camp is aimed at young people up to 18 years old who have played actively in a club for at least 2 years who want to develop together with other talented and serious players under the guidance of some of Sweden's best coaches.During this camp we will divide the players even more by level and divide more into smaller groups to adapt exercises better so that everyone gets the most out of the training.<\/td>\n<\/tr>\n<\/tbody>\n<\/table>","protected":false},"excerpt":{"rendered":"<p>V\u00e4lkomna till Nordic Table Tennis extrainsatta sommarl\u00e4ger som arrangeras i S\u00f6derhamn den 14-18 juni 2026. Efter att v\u00e5rt popul\u00e4ra sommarl\u00e4ger \u00e4r \u00f6verfullt redan i b\u00f6rjan av januari och flera spelare stod p\u00e5 v\u00e4ntlistan s\u00e5 best\u00e4mde vi oss f\u00f6r att arrangera ett ytterligare sommarl\u00e4ger f\u00f6r att ge alla chansen att delta. Vi vet att det \u00e4r<\/p>\n<div class=\"padding-top text-center\"><a href=\"https:\/\/nordictabletennis.com\/en\/tours\/extra-sommarlager-ungdomar-2026\/\" class=\"atbtn atbtn--medium atbtn--rounded atbtn--transparent\">Read more<i class=\"atbtn__icon atbtn__icon--right fa fa-long-arrow-right\"><\/i><\/a><\/div>","protected":false},"featured_media":1767,"comment_status":"closed","ping_status":"closed","template":"","meta":{"om_disable_all_campaigns":false,"_monsterinsights_skip_tracking":false,"_monsterinsights_sitenote_active":false,"_monsterinsights_sitenote_note":"","_monsterinsights_sitenote_category":0,"_uf_show_specific_survey":0,"_uf_disable_surveys":false},"product_cat":[15],"product_tag":[],"class_list":{"0":"post-1766","1":"product","2":"type-product","3":"status-publish","4":"has-post-thumbnail","6":"product_cat-uncategorized","7":"tour_category-kommande","9":"first","10":"outofstock","11":"shipping-taxable","12":"product-type-tour"},"aioseo_notices":[],"_links":{"self":[{"href":"https:\/\/nordictabletennis.com\/en\/wp-json\/wp\/v2\/product\/1766","targetHints":{"allow":["GET"]}}],"collection":[{"href":"https:\/\/nordictabletennis.com\/en\/wp-json\/wp\/v2\/product"}],"about":[{"href":"https:\/\/nordictabletennis.com\/en\/wp-json\/wp\/v2\/types\/product"}],"replies":[{"embeddable":true,"href":"https:\/\/nordictabletennis.com\/en\/wp-json\/wp\/v2\/comments?post=1766"}],"wp:featuredmedia":[{"embeddable":true,"href":"https:\/\/nordictabletennis.com\/en\/wp-json\/wp\/v2\/media\/1767"}],"wp:attachment":[{"href":"https:\/\/nordictabletennis.com\/en\/wp-json\/wp\/v2\/media?parent=1766"}],"wp:term":[{"taxonomy":"product_cat","embeddable":true,"href":"https:\/\/nordictabletennis.com\/en\/wp-json\/wp\/v2\/product_cat?post=1766"},{"taxonomy":"product_tag","embeddable":true,"href":"https:\/\/nordictabletennis.com\/en\/wp-json\/wp\/v2\/product_tag?post=1766"}],"curies":[{"name":"wp","href":"https:\/\/api.w.org\/{rel}","templated":true}]}}