{"id":1771,"date":"2026-01-19T16:55:22","date_gmt":"2026-01-19T16:55:22","guid":{"rendered":"https:\/\/nordictabletennis.com\/?post_type=product&#038;p=1771"},"modified":"2026-02-15T18:36:41","modified_gmt":"2026-02-15T18:36:41","slug":"svensktalande-lager-med-mikael-applet-appelgren","status":"publish","type":"product","link":"https:\/\/nordictabletennis.com\/en\/tours\/svensktalande-lager-med-mikael-applet-appelgren\/","title":{"rendered":"Swedish-speaking camp with Mikael \"\u00c4pplet\" Appelgren"},"content":{"rendered":"<p><strong>Welcome to the best table tennis experience of the fall!<\/strong><br \/>\n<strong>Nordic Table Tennis arranges this fall the coolest ping pong camp of the year where you can combine a vacation week in a hotel right by the sea while getting world-class ping pong training! This year we continue the success with Mikael \"\u00c4pplet\" Appelgren as one of the coaches at the camp.<\/strong><\/p>\n<p>For 7 days (5 training days) in September, senior players gather in Spain to train and develop together. With the national team coach Marcus Sj\u00f6berg and former world champion Mikael \"\u00c4pplet\" Appelgren (Mikael is with 3 of the days) who are responsible for making the stay the best and most rewarding camp this fall. While it will be a top-class table tennis camp, the sun, swimming and warmth combined with good food will make the experience your best table tennis memory!<\/p>\n<p>Guardamar is a small cozy coastal town located about 3.5 miles south of Alicante Airport. The town has about 20,000 inhabitants and the hotel is located right on the incredibly beautiful long beach and close to both the center and the promenade.<\/p>\n<p>Our goal with the camp is that it should be of the highest class and regardless of the level of the participants, you should get the most out of this camp. In combination with this, there will also be time for you to find fun things together. Regardless of the level, we will solve so that everyone gets a really good training week and a fantastic experience!<\/p>\n<p>During this camp, all briefings in the hall will be in Swedish, so the camp is aimed at players from the Nordic countries. For players who want the briefings in English, you are welcome two weeks later at our international camp.<\/p>\n<table class=\"table table-bordered tours-tabs__table\" style=\"height: 233px;\" width=\"862\">\n<tbody>\n<tr>\n<td><strong>Location<\/strong><\/td>\n<td>Guardamar (Spain)<\/td>\n<\/tr>\n<tr>\n<td><strong>Date<\/strong><\/td>\n<td>6 -12 September 2026<\/td>\n<\/tr>\n<tr>\n<td><strong>Accommodation<\/strong><\/td>\n<td>We stay at the cozy Hotel Guardamar which is located right on the fine sandy beach. The hotel has a swimming pool and balconies with sea views. The hotel is currently undergoing a complete renovation and will be upgraded from 2-star to 4-star, the renovation should be completed by summer 2026.<\/td>\n<\/tr>\n<tr>\n<td><strong>Meals\u00a0\u00a0<\/strong><\/td>\n<td>Breakfast buffet at the hotel is included.\n<p>Lunch and dinner are at the discretion of each person. We will organize two joint dinners that are optional to attend.<\/p><\/td>\n<\/tr>\n<tr>\n<td><strong>For which<\/strong><\/td>\n<td>The camp is aimed at senior and veteran players (youngest age is 18). Everything from raven to elite players are welcome. The training will be divided and adapted according to level. Younger players may participate but must be accompanied by a responsible adult. All briefings in the training hall during this camp will be in Swedish.<\/td>\n<\/tr>\n<\/tbody>\n<\/table>","protected":false},"excerpt":{"rendered":"<p>V\u00e4lkomna till h\u00f6stens b\u00e4sta pingisupplevelse! Nordic Table Tennis arrangerar i h\u00f6st \u00e5rets h\u00e4ftigaste pingisl\u00e4ger d\u00e4r du kan kombinera en semestervecka p\u00e5 ett hotell precis vid havet samtidigt som det blir pingistr\u00e4ning i v\u00e4rldsklass! I \u00e5r forts\u00e4tter vi succ\u00e9n med Mikael &#8221;\u00c4pplet&#8221; Appelgren som en av tr\u00e4narna p\u00e5 l\u00e4gret. Under 7 dagar (5 tr\u00e4ningsdagar) i september<\/p>\n<div class=\"padding-top text-center\"><a href=\"https:\/\/nordictabletennis.com\/en\/tours\/svensktalande-lager-med-mikael-applet-appelgren\/\" class=\"atbtn atbtn--medium atbtn--rounded atbtn--transparent\">Read more<i class=\"atbtn__icon atbtn__icon--right fa fa-long-arrow-right\"><\/i><\/a><\/div>","protected":false},"featured_media":1774,"comment_status":"closed","ping_status":"closed","template":"","meta":{"om_disable_all_campaigns":false,"_monsterinsights_skip_tracking":false,"_monsterinsights_sitenote_active":false,"_monsterinsights_sitenote_note":"","_monsterinsights_sitenote_category":0,"_uf_show_specific_survey":0,"_uf_disable_surveys":false},"product_cat":[15],"product_tag":[],"class_list":{"0":"post-1771","1":"product","2":"type-product","3":"status-publish","4":"has-post-thumbnail","6":"product_cat-uncategorized","7":"tour_category-kommande","9":"first","10":"outofstock","11":"shipping-taxable","12":"product-type-tour"},"aioseo_notices":[],"_links":{"self":[{"href":"https:\/\/nordictabletennis.com\/en\/wp-json\/wp\/v2\/product\/1771","targetHints":{"allow":["GET"]}}],"collection":[{"href":"https:\/\/nordictabletennis.com\/en\/wp-json\/wp\/v2\/product"}],"about":[{"href":"https:\/\/nordictabletennis.com\/en\/wp-json\/wp\/v2\/types\/product"}],"replies":[{"embeddable":true,"href":"https:\/\/nordictabletennis.com\/en\/wp-json\/wp\/v2\/comments?post=1771"}],"wp:featuredmedia":[{"embeddable":true,"href":"https:\/\/nordictabletennis.com\/en\/wp-json\/wp\/v2\/media\/1774"}],"wp:attachment":[{"href":"https:\/\/nordictabletennis.com\/en\/wp-json\/wp\/v2\/media?parent=1771"}],"wp:term":[{"taxonomy":"product_cat","embeddable":true,"href":"https:\/\/nordictabletennis.com\/en\/wp-json\/wp\/v2\/product_cat?post=1771"},{"taxonomy":"product_tag","embeddable":true,"href":"https:\/\/nordictabletennis.com\/en\/wp-json\/wp\/v2\/product_tag?post=1771"}],"curies":[{"name":"wp","href":"https:\/\/api.w.org\/{rel}","templated":true}]}}