{"id":1777,"date":"2026-01-20T07:18:13","date_gmt":"2026-01-20T07:18:13","guid":{"rendered":"https:\/\/nordictabletennis.com\/?post_type=product&#038;p=1777"},"modified":"2026-01-20T17:25:20","modified_gmt":"2026-01-20T17:25:20","slug":"dagslager-i-stockholm-2026","status":"publish","type":"product","link":"https:\/\/nordictabletennis.com\/en\/tours\/dagslager-i-stockholm-2026\/","title":{"rendered":"Day camp in Stockholm 2026"},"content":{"rendered":"<p><strong>Welcome to the Nordic Table Tennis summer camp, which will be held in Stocksund (Stockholm) between August 3-6, 2026. This year we continue with the success of offering this opportunity in Stockholm.\u00a0<\/strong><\/p>\n<p><strong>Now you have the chance to train with Sweden's men's national coach, Marcus Sj\u00f6berg! If you love table tennis, this is an opportunity you really don't want to miss. During the training, you get to develop your game at a high level while meeting and training together with other talented players from different clubs. A unique opportunity to be inspired, challenged and take the next step in your table tennis development together with some of the best.<\/strong><\/p>\n<p>There will be two groups, a youth camp and a senior camp. This year we have chosen to run a longer training session every day for both seniors and youth. The reason is that we have noticed that the concentration and focus of the young people (who previously trained two sessions) goes down significantly on the second session. We want everyone to get the most out of our camps and therefore we are trying to train a longer session instead with a shorter break in the middle. Feel free to bring some fruit or something else to replenish your energy during the break.<\/p>\n<p>We always strive to be Sweden's best registration camp and therefore we want the participants to be really motivated to learn and want to develop. We also divide the players into levels, so that everyone gets as much as possible regardless of playing strength and age. Sparring and extra coaches will be available if needed.<\/p>\n<p>&nbsp;<\/p>\n<table class=\"table table-bordered tours-tabs__table\" style=\"height: 233px;\" width=\"862\">\n<tbody>\n<tr>\n<td><strong>Location<\/strong><\/td>\n<td>Stocksund, Stockholm (Norr\u00e4ngsg\u00e5rden, Danderydsv\u00e4gen 4)<\/td>\n<\/tr>\n<tr>\n<td><strong>Date Young people<\/strong><\/td>\n<td>August 3-6<\/td>\n<\/tr>\n<tr>\n<td><strong>Date Seniors<\/strong><\/td>\n<td>August 3-6<\/td>\n<\/tr>\n<tr>\n<td><strong>Accommodation<\/strong><\/td>\n<td>Participants arrange their own accommodation during the camp<\/td>\n<\/tr>\n<tr>\n<td><strong>Mat<\/strong><\/td>\n<td>Participants organize their own meals during the camp<\/td>\n<\/tr>\n<tr>\n<td><strong>For which<\/strong><\/td>\n<td>The youth camp is aimed at participants up to 17 years old who have played in a club for at least 2 years.\n<p>The Senior training is aimed at participants aged 18 and over<\/p><\/td>\n<\/tr>\n<\/tbody>\n<\/table>","protected":false},"excerpt":{"rendered":"<p>V\u00e4lkomna till Nordic Table Tennis sommarl\u00e4ger som arrangeras i Stocksund (Stockholm) mellan den 3-6 augusti 2026. I \u00e5r forts\u00e4tter vi med succ\u00e9n att erbjuda denna m\u00f6jligheten i Stockholm.\u00a0 Nu har du chansen att tr\u00e4na med Sveriges f\u00f6rbundskapten f\u00f6r herrar, Marcus Sj\u00f6berg! \u00c4lskar du pingis \u00e4r detta ett tillf\u00e4lle du verkligen inte vill missa. Under tr\u00e4ningen<\/p>\n<div class=\"padding-top text-center\"><a href=\"https:\/\/nordictabletennis.com\/en\/tours\/dagslager-i-stockholm-2026\/\" class=\"atbtn atbtn--medium atbtn--rounded atbtn--transparent\">Read more<i class=\"atbtn__icon atbtn__icon--right fa fa-long-arrow-right\"><\/i><\/a><\/div>","protected":false},"featured_media":1778,"comment_status":"closed","ping_status":"closed","template":"","meta":{"om_disable_all_campaigns":false,"_monsterinsights_skip_tracking":false,"_monsterinsights_sitenote_active":false,"_monsterinsights_sitenote_note":"","_monsterinsights_sitenote_category":0,"_uf_show_specific_survey":0,"_uf_disable_surveys":false},"product_cat":[15],"product_tag":[],"class_list":{"0":"post-1777","1":"product","2":"type-product","3":"status-publish","4":"has-post-thumbnail","6":"product_cat-uncategorized","7":"tour_category-kommande","9":"first","10":"outofstock","11":"shipping-taxable","12":"product-type-tour"},"aioseo_notices":[],"_links":{"self":[{"href":"https:\/\/nordictabletennis.com\/en\/wp-json\/wp\/v2\/product\/1777","targetHints":{"allow":["GET"]}}],"collection":[{"href":"https:\/\/nordictabletennis.com\/en\/wp-json\/wp\/v2\/product"}],"about":[{"href":"https:\/\/nordictabletennis.com\/en\/wp-json\/wp\/v2\/types\/product"}],"replies":[{"embeddable":true,"href":"https:\/\/nordictabletennis.com\/en\/wp-json\/wp\/v2\/comments?post=1777"}],"wp:featuredmedia":[{"embeddable":true,"href":"https:\/\/nordictabletennis.com\/en\/wp-json\/wp\/v2\/media\/1778"}],"wp:attachment":[{"href":"https:\/\/nordictabletennis.com\/en\/wp-json\/wp\/v2\/media?parent=1777"}],"wp:term":[{"taxonomy":"product_cat","embeddable":true,"href":"https:\/\/nordictabletennis.com\/en\/wp-json\/wp\/v2\/product_cat?post=1777"},{"taxonomy":"product_tag","embeddable":true,"href":"https:\/\/nordictabletennis.com\/en\/wp-json\/wp\/v2\/product_tag?post=1777"}],"curies":[{"name":"wp","href":"https:\/\/api.w.org\/{rel}","templated":true}]}}