{"id":1784,"date":"2026-03-17T16:37:45","date_gmt":"2026-03-17T16:37:45","guid":{"rendered":"https:\/\/nordictabletennis.com\/?post_type=product&#038;p=1784"},"modified":"2026-03-29T14:26:24","modified_gmt":"2026-03-29T14:26:24","slug":"parkinson-lager-i-spanien","status":"publish","type":"product","link":"https:\/\/nordictabletennis.com\/en\/tours\/parkinson-lager-i-spanien\/","title":{"rendered":"Parkinson Camp in Spain"},"content":{"rendered":"<p><strong>We invite all players diagnosed with Parkinson's to the best ping pong experience of the fall!<\/strong><br \/>\n<strong>Nordic Table Tennis arranges this fall the coolest ping pong camp of the year where you can combine a vacation week in a hotel right by the sea while getting world-class ping pong training! This year we are repeating the success of our popular Parkinson's camp in Spain.<\/strong><\/p>\n<p>In November, for 7 days (5 training days), senior players diagnosed with Parkinson's will gather in Spain to train and develop together. With Sweden's current men's national team coach (Marcus Sj\u00f6berg) and former elite player (Anton \u00c5kesson) responsible for making the trip the best and most rewarding camp this autumn. While it will be a top-class table tennis camp, sun, swimming, and warmth combined with good food will also make the experience your best table tennis memory!<\/p>\n<p>Guardamar is a small cozy coastal town located about 3.5 miles south of Alicante Airport. The town has about 20,000 inhabitants and the hotel is located right on the incredibly beautiful long beach and close to both the center and the promenade.<\/p>\n<p>Our goal with the camp is that it should be of the highest class and regardless of the level of the participants, you should get the most out of this camp. In combination with this, there will also be time for you to find fun things together. Regardless of the level, we will solve so that everyone gets a really good training week and a fantastic experience!<\/p>\n<table class=\"table table-bordered tours-tabs__table\" style=\"height: 233px;\" width=\"862\">\n<tbody>\n<tr>\n<td><strong>Location<\/strong><\/td>\n<td>Guardamar (Spain)<\/td>\n<\/tr>\n<tr>\n<td><strong>Date<\/strong><\/td>\n<td>15 -21 November 2026<\/td>\n<\/tr>\n<tr>\n<td><strong>Accommodation<\/strong><\/td>\n<td>We stay at the cozy Hotel Guardamar which is located right on the fine sandy beach. The hotel has a swimming pool and balconies with sea views. The hotel is currently undergoing a complete renovation and will be upgraded from 2-star to 4-star, the renovation should be completed by summer 2026.<\/td>\n<\/tr>\n<tr>\n<td><strong>Meals\u00a0\u00a0<\/strong><\/td>\n<td>Breakfast buffet at the hotel is included.\n<p>Lunch and dinner are at the individual's discretion.<\/p><\/td>\n<\/tr>\n<tr>\n<td><strong>For which<\/strong><\/td>\n<td>The camp is aimed at senior and veteran players diagnosed with Parkinson's. All levels are welcome. Training will be divided and adapted according to skill level.<\/td>\n<\/tr>\n<\/tbody>\n<\/table>","protected":false},"excerpt":{"rendered":"<p>Vi bjuder in alla Parkinson-diagnostiserade spelare till h\u00f6stens b\u00e4sta pingisupplevelse! Nordic Table Tennis arrangerar i h\u00f6st \u00e5rets h\u00e4ftigaste pingisl\u00e4ger d\u00e4r du kan kombinera en semestervecka p\u00e5 ett hotell precis vid havet samtidigt som det blir pingistr\u00e4ning i v\u00e4rldsklass! I \u00e5r \u00e5terupptar vi succ\u00e9n med v\u00e5rt popul\u00e4ra Parkinson l\u00e4ger i Spanien. Under 7 dagar (5 tr\u00e4ningsdagar)<\/p>\n<div class=\"padding-top text-center\"><a href=\"https:\/\/nordictabletennis.com\/en\/tours\/parkinson-lager-i-spanien\/\" class=\"atbtn atbtn--medium atbtn--rounded atbtn--transparent\">Read more<i class=\"atbtn__icon atbtn__icon--right fa fa-long-arrow-right\"><\/i><\/a><\/div>","protected":false},"featured_media":1785,"comment_status":"closed","ping_status":"closed","template":"","meta":{"om_disable_all_campaigns":false,"_monsterinsights_skip_tracking":false,"_monsterinsights_sitenote_active":false,"_monsterinsights_sitenote_note":"","_monsterinsights_sitenote_category":0,"_uf_show_specific_survey":0,"_uf_disable_surveys":false},"product_cat":[15],"product_tag":[],"class_list":{"0":"post-1784","1":"product","2":"type-product","3":"status-publish","4":"has-post-thumbnail","6":"product_cat-uncategorized","7":"tour_category-kommande","9":"first","10":"outofstock","11":"shipping-taxable","12":"product-type-tour"},"aioseo_notices":[],"_links":{"self":[{"href":"https:\/\/nordictabletennis.com\/en\/wp-json\/wp\/v2\/product\/1784","targetHints":{"allow":["GET"]}}],"collection":[{"href":"https:\/\/nordictabletennis.com\/en\/wp-json\/wp\/v2\/product"}],"about":[{"href":"https:\/\/nordictabletennis.com\/en\/wp-json\/wp\/v2\/types\/product"}],"replies":[{"embeddable":true,"href":"https:\/\/nordictabletennis.com\/en\/wp-json\/wp\/v2\/comments?post=1784"}],"wp:featuredmedia":[{"embeddable":true,"href":"https:\/\/nordictabletennis.com\/en\/wp-json\/wp\/v2\/media\/1785"}],"wp:attachment":[{"href":"https:\/\/nordictabletennis.com\/en\/wp-json\/wp\/v2\/media?parent=1784"}],"wp:term":[{"taxonomy":"product_cat","embeddable":true,"href":"https:\/\/nordictabletennis.com\/en\/wp-json\/wp\/v2\/product_cat?post=1784"},{"taxonomy":"product_tag","embeddable":true,"href":"https:\/\/nordictabletennis.com\/en\/wp-json\/wp\/v2\/product_tag?post=1784"}],"curies":[{"name":"wp","href":"https:\/\/api.w.org\/{rel}","templated":true}]}}